{"id":51069,"date":"2026-01-30T09:26:12","date_gmt":"2026-01-30T08:26:12","guid":{"rendered":"https:\/\/eldromedariorecords.com\/web\/?page_id=51069"},"modified":"2026-01-30T09:27:50","modified_gmt":"2026-01-30T08:27:50","slug":"tu-mejor-carnaval-nuevo-single-de-cobardes","status":"publish","type":"page","link":"https:\/\/eldromedariorecords.com\/web\/tu-mejor-carnaval-nuevo-single-de-cobardes\/","title":{"rendered":"\u201cTu mejor carnaval\u201d, nuevo single de Cobardes"},"content":{"rendered":"\n<p><strong>Un primer single de adelanto de su nuevo disco previsto para los pr\u00f3ximos meses.<\/strong><\/p>\n\n\n\n<figure class=\"wp-block-image size-large\"><img loading=\"lazy\" width=\"1500\" height=\"1500\" src=\"https:\/\/eldromedariorecords.com\/web\/wp-content\/uploads\/2026\/01\/Tu-mejor-carnaval-Cobardes-1500x1500.jpg\" alt=\"\" class=\"wp-image-51070\" srcset=\"https:\/\/eldromedariorecords.com\/web\/wp-content\/uploads\/2026\/01\/Tu-mejor-carnaval-Cobardes-1500x1500.jpg 1500w, https:\/\/eldromedariorecords.com\/web\/wp-content\/uploads\/2026\/01\/Tu-mejor-carnaval-Cobardes-300x300.jpg 300w, https:\/\/eldromedariorecords.com\/web\/wp-content\/uploads\/2026\/01\/Tu-mejor-carnaval-Cobardes-80x80.jpg 80w, https:\/\/eldromedariorecords.com\/web\/wp-content\/uploads\/2026\/01\/Tu-mejor-carnaval-Cobardes-768x768.jpg 768w, https:\/\/eldromedariorecords.com\/web\/wp-content\/uploads\/2026\/01\/Tu-mejor-carnaval-Cobardes-1536x1536.jpg 1536w, https:\/\/eldromedariorecords.com\/web\/wp-content\/uploads\/2026\/01\/Tu-mejor-carnaval-Cobardes-36x36.jpg 36w, https:\/\/eldromedariorecords.com\/web\/wp-content\/uploads\/2026\/01\/Tu-mejor-carnaval-Cobardes-180x180.jpg 180w, https:\/\/eldromedariorecords.com\/web\/wp-content\/uploads\/2026\/01\/Tu-mejor-carnaval-Cobardes-705x705.jpg 705w, https:\/\/eldromedariorecords.com\/web\/wp-content\/uploads\/2026\/01\/Tu-mejor-carnaval-Cobardes.jpg 2000w\" sizes=\"(max-width: 1500px) 100vw, 1500px\" \/><\/figure>\n\n\n\n<p><strong>Cobardes<\/strong>\u00a0presentan \u201cTu mejor carnaval\u201d, nuevo single de adelanto de su esperado tercer \u00e1lbum de estudio, que ver\u00e1 la luz en los pr\u00f3ximos meses. El tema ya est\u00e1 disponible en todas las plataformas digitales.<\/p>\n\n\n\n<figure class=\"wp-block-embed is-type-video is-provider-youtube wp-block-embed-youtube wp-embed-aspect-16-9 wp-has-aspect-ratio\"><div class=\"wp-block-embed__wrapper\">\n<div class='avia-iframe-wrap'><iframe loading=\"lazy\" title=\"Cobardes - Tu mejor carnaval\" width=\"1500\" height=\"844\" src=\"https:\/\/www.youtube.com\/embed\/MFMpteCP6po?feature=oembed\" frameborder=\"0\" allow=\"accelerometer; autoplay; clipboard-write; encrypted-media; gyroscope; picture-in-picture; web-share\" referrerpolicy=\"strict-origin-when-cross-origin\" allowfullscreen><\/iframe><\/div>\n<\/div><\/figure>\n\n\n\n<p><br>\u201cTu mejor carnaval\u201d es una canci\u00f3n con pulso emocional y vocaci\u00f3n de himno \u00edntimo: un medio tiempo elegante y directo que entra desde la primera escucha y crece con cada repetici\u00f3n. Fiel al ADN de la banda, combina guitarras claras, una base r\u00edtmica s\u00f3lida y una melod\u00eda envolvente que sostiene una letra tan honesta como humana.<br><br>La canci\u00f3n habla de despedidas sin dramatismo impostado, de finales que no buscan culpables y de la capacidad \u2014dif\u00edcil pero necesaria\u2014 de desearle al otro que siga adelante. Escrita e interpretada por Javier Janices \u201cCordob\u00e9s\u201d, la letra convierte la met\u00e1fora del carnaval \u2014la vida como un baile de m\u00e1scaras\u2014 en un relato cercano, donde soltar tambi\u00e9n puede ser una forma de cuidar.<br><br>Musicalmente,\u00a0<strong>Cobardes<\/strong>\u00a0se mueven con naturalidad entre el rock de siempre y un pop rock luminoso, accesible y emocional, sin caer en f\u00f3rmulas ni artificios. Una canci\u00f3n que equilibra actitud y sensibilidad, energ\u00eda y contenci\u00f3n, demostrando una madurez compositiva cada vez m\u00e1s evidente.<\/p>\n\n\n\n<figure class=\"wp-block-image size-large\"><img loading=\"lazy\" width=\"1199\" height=\"1500\" src=\"https:\/\/eldromedariorecords.com\/web\/wp-content\/uploads\/2025\/12\/CARTEL-GIRA-COBARDES-2026-1-1199x1500.jpg\" alt=\"\" class=\"wp-image-50089\" srcset=\"https:\/\/eldromedariorecords.com\/web\/wp-content\/uploads\/2025\/12\/CARTEL-GIRA-COBARDES-2026-1-1199x1500.jpg 1199w, https:\/\/eldromedariorecords.com\/web\/wp-content\/uploads\/2025\/12\/CARTEL-GIRA-COBARDES-2026-1-240x300.jpg 240w, https:\/\/eldromedariorecords.com\/web\/wp-content\/uploads\/2025\/12\/CARTEL-GIRA-COBARDES-2026-1-768x961.jpg 768w, https:\/\/eldromedariorecords.com\/web\/wp-content\/uploads\/2025\/12\/CARTEL-GIRA-COBARDES-2026-1-1228x1536.jpg 1228w, https:\/\/eldromedariorecords.com\/web\/wp-content\/uploads\/2025\/12\/CARTEL-GIRA-COBARDES-2026-1-564x705.jpg 564w, https:\/\/eldromedariorecords.com\/web\/wp-content\/uploads\/2025\/12\/CARTEL-GIRA-COBARDES-2026-1.jpg 1279w\" sizes=\"(max-width: 1199px) 100vw, 1199px\" \/><\/figure>\n\n\n\n<p><a href=\"https:\/\/www.enterticket.es\/artistas\/cobardes\">Fechas confirmadas<\/a> \u2013\u00a0<strong>Razones y contradicciones. Gira 2026<\/strong>:<\/p>\n\n\n\n<ul><li>17 de abril \u2014\u00a0<strong>Madrid<\/strong>, <a href=\"https:\/\/teatroeslava.com\/conciertos\/cobardes\/\">Teatro Eslava<\/a><\/li><li>9 de mayo \u2014\u00a0<strong>Gij\u00f3n<\/strong>, Sala Acapulco<\/li><li>15 de mayo \u2014\u00a0<strong>Barcelona<\/strong>, Sala Wolf<\/li><li>23 de mayo \u2014\u00a0<strong>Pamplona<\/strong>, Zentral Kafe Teatro<\/li><li>29 de mayo \u2014\u00a0<strong>Bilbao<\/strong>, Sala Santana 27<\/li><li>6 de junio \u2014\u00a0<strong>Valencia<\/strong>, Sala Rock City<\/li><\/ul>\n\n\n\n<p>Formados en 2016 como proyecto personal de Javier Janices \u201cCordob\u00e9s\u201d, Cobardes cuentan con dos discos publicados \u2014<em>Ceniza y viento<\/em>&nbsp;(2020) y&nbsp;<em>Que empiece el baile<\/em>&nbsp;(2023)\u2014 y una trayectoria en constante crecimiento.<\/p>\n","protected":false},"excerpt":{"rendered":"<p>Un primer single de adelanto de su nuevo disco previsto para los pr\u00f3ximos meses. Cobardes\u00a0presentan \u201cTu mejor carnaval\u201d, nuevo single de adelanto de su esperado tercer \u00e1lbum de estudio, que ver\u00e1 la luz en los pr\u00f3ximos meses. El tema ya est\u00e1 disponible en todas las plataformas digitales. \u201cTu mejor carnaval\u201d es una canci\u00f3n con pulso [&hellip;]<\/p>\n","protected":false},"author":3,"featured_media":51070,"parent":0,"menu_order":0,"comment_status":"closed","ping_status":"closed","template":"","meta":[],"yoast_head":"<!-- This site is optimized with the Yoast SEO plugin v16.5 - https:\/\/yoast.com\/wordpress\/plugins\/seo\/ -->\n<title>\u201cTu mejor carnaval\u201d, nuevo single de Cobardes - El Dromedario Records<\/title>\n<meta name=\"robots\" content=\"index, follow, max-snippet:-1, max-image-preview:large, max-video-preview:-1\" \/>\n<link rel=\"canonical\" href=\"https:\/\/eldromedariorecords.com\/web\/tu-mejor-carnaval-nuevo-single-de-cobardes\/\" \/>\n<meta property=\"og:locale\" content=\"es_ES\" \/>\n<meta property=\"og:type\" content=\"article\" \/>\n<meta property=\"og:title\" content=\"\u201cTu mejor carnaval\u201d, nuevo single de Cobardes - El Dromedario Records\" \/>\n<meta property=\"og:description\" content=\"Un primer single de adelanto de su nuevo disco previsto para los pr\u00f3ximos meses. Cobardes\u00a0presentan \u201cTu mejor carnaval\u201d, nuevo single de adelanto de su esperado tercer \u00e1lbum de estudio, que ver\u00e1 la luz en los pr\u00f3ximos meses. El tema ya est\u00e1 disponible en todas las plataformas digitales. \u201cTu mejor carnaval\u201d es una canci\u00f3n con pulso [&hellip;]\" \/>\n<meta property=\"og:url\" content=\"https:\/\/eldromedariorecords.com\/web\/tu-mejor-carnaval-nuevo-single-de-cobardes\/\" \/>\n<meta property=\"og:site_name\" content=\"El Dromedario Records\" \/>\n<meta property=\"article:modified_time\" content=\"2026-01-30T08:27:50+00:00\" \/>\n<meta property=\"og:image\" content=\"https:\/\/eldromedariorecords.com\/web\/wp-content\/uploads\/2026\/01\/Tu-mejor-carnaval-Cobardes.jpg\" \/>\n\t<meta property=\"og:image:width\" content=\"2000\" \/>\n\t<meta property=\"og:image:height\" content=\"2000\" \/>\n<meta name=\"twitter:card\" content=\"summary\" \/>\n<meta name=\"twitter:label1\" content=\"Tiempo de lectura\" \/>\n\t<meta name=\"twitter:data1\" content=\"2 minutos\" \/>\n<script type=\"application\/ld+json\" class=\"yoast-schema-graph\">{\"@context\":\"https:\/\/schema.org\",\"@graph\":[{\"@type\":\"Organization\",\"@id\":\"https:\/\/eldromedariorecords.com\/web\/#organization\",\"name\":\"El Dromedario Records\",\"url\":\"https:\/\/eldromedariorecords.com\/web\/\",\"sameAs\":[],\"logo\":{\"@type\":\"ImageObject\",\"@id\":\"https:\/\/eldromedariorecords.com\/web\/#logo\",\"inLanguage\":\"es\",\"url\":\"https:\/\/eldromedariorecords.melboss.com\/web\/wp-content\/uploads\/2021\/06\/logo-dromedario-negro.png\",\"contentUrl\":\"https:\/\/eldromedariorecords.melboss.com\/web\/wp-content\/uploads\/2021\/06\/logo-dromedario-negro.png\",\"width\":800,\"height\":624,\"caption\":\"El Dromedario Records\"},\"image\":{\"@id\":\"https:\/\/eldromedariorecords.com\/web\/#logo\"}},{\"@type\":\"WebSite\",\"@id\":\"https:\/\/eldromedariorecords.com\/web\/#website\",\"url\":\"https:\/\/eldromedariorecords.com\/web\/\",\"name\":\"El Dromedario Records\",\"description\":\"Discogr\\u00e1fica El Dromedario Records\",\"publisher\":{\"@id\":\"https:\/\/eldromedariorecords.com\/web\/#organization\"},\"potentialAction\":[{\"@type\":\"SearchAction\",\"target\":\"https:\/\/eldromedariorecords.com\/web\/?s={search_term_string}\",\"query-input\":\"required name=search_term_string\"}],\"inLanguage\":\"es\"},{\"@type\":\"ImageObject\",\"@id\":\"https:\/\/eldromedariorecords.com\/web\/tu-mejor-carnaval-nuevo-single-de-cobardes\/#primaryimage\",\"inLanguage\":\"es\",\"url\":\"https:\/\/eldromedariorecords.com\/web\/wp-content\/uploads\/2026\/01\/Tu-mejor-carnaval-Cobardes.jpg\",\"contentUrl\":\"https:\/\/eldromedariorecords.com\/web\/wp-content\/uploads\/2026\/01\/Tu-mejor-carnaval-Cobardes.jpg\",\"width\":2000,\"height\":2000},{\"@type\":\"WebPage\",\"@id\":\"https:\/\/eldromedariorecords.com\/web\/tu-mejor-carnaval-nuevo-single-de-cobardes\/#webpage\",\"url\":\"https:\/\/eldromedariorecords.com\/web\/tu-mejor-carnaval-nuevo-single-de-cobardes\/\",\"name\":\"\\u201cTu mejor carnaval\\u201d, nuevo single de Cobardes - El Dromedario Records\",\"isPartOf\":{\"@id\":\"https:\/\/eldromedariorecords.com\/web\/#website\"},\"primaryImageOfPage\":{\"@id\":\"https:\/\/eldromedariorecords.com\/web\/tu-mejor-carnaval-nuevo-single-de-cobardes\/#primaryimage\"},\"datePublished\":\"2026-01-30T08:26:12+00:00\",\"dateModified\":\"2026-01-30T08:27:50+00:00\",\"breadcrumb\":{\"@id\":\"https:\/\/eldromedariorecords.com\/web\/tu-mejor-carnaval-nuevo-single-de-cobardes\/#breadcrumb\"},\"inLanguage\":\"es\",\"potentialAction\":[{\"@type\":\"ReadAction\",\"target\":[\"https:\/\/eldromedariorecords.com\/web\/tu-mejor-carnaval-nuevo-single-de-cobardes\/\"]}]},{\"@type\":\"BreadcrumbList\",\"@id\":\"https:\/\/eldromedariorecords.com\/web\/tu-mejor-carnaval-nuevo-single-de-cobardes\/#breadcrumb\",\"itemListElement\":[{\"@type\":\"ListItem\",\"position\":1,\"name\":\"Portada\",\"item\":\"https:\/\/eldromedariorecords.com\/web\/inicio\/\"},{\"@type\":\"ListItem\",\"position\":2,\"name\":\"\\u201cTu mejor carnaval\\u201d, nuevo single de Cobardes\"}]}]}<\/script>\n<!-- \/ Yoast SEO plugin. -->","_links":{"self":[{"href":"https:\/\/eldromedariorecords.com\/web\/wp-json\/wp\/v2\/pages\/51069"}],"collection":[{"href":"https:\/\/eldromedariorecords.com\/web\/wp-json\/wp\/v2\/pages"}],"about":[{"href":"https:\/\/eldromedariorecords.com\/web\/wp-json\/wp\/v2\/types\/page"}],"author":[{"embeddable":true,"href":"https:\/\/eldromedariorecords.com\/web\/wp-json\/wp\/v2\/users\/3"}],"replies":[{"embeddable":true,"href":"https:\/\/eldromedariorecords.com\/web\/wp-json\/wp\/v2\/comments?post=51069"}],"version-history":[{"count":1,"href":"https:\/\/eldromedariorecords.com\/web\/wp-json\/wp\/v2\/pages\/51069\/revisions"}],"predecessor-version":[{"id":51071,"href":"https:\/\/eldromedariorecords.com\/web\/wp-json\/wp\/v2\/pages\/51069\/revisions\/51071"}],"wp:featuredmedia":[{"embeddable":true,"href":"https:\/\/eldromedariorecords.com\/web\/wp-json\/wp\/v2\/media\/51070"}],"wp:attachment":[{"href":"https:\/\/eldromedariorecords.com\/web\/wp-json\/wp\/v2\/media?parent=51069"}],"curies":[{"name":"wp","href":"https:\/\/api.w.org\/{rel}","templated":true}]}}