{"id":3434,"date":"2017-05-17T16:07:04","date_gmt":"2017-05-17T16:07:04","guid":{"rendered":"https:\/\/eldromedariorecords.com\/web\/?page_id=3434"},"modified":"2017-05-21T19:05:02","modified_gmt":"2017-05-21T19:05:02","slug":"manolillochinato","status":"publish","type":"page","link":"https:\/\/eldromedariorecords.com\/web\/manolillochinato\/","title":{"rendered":"Artistas: Manolillo Chinato"},"content":{"rendered":"<div id='av_section_1'  class='avia-section main_color avia-section-default avia-no-shadow  avia-full-stretch avia-bg-style-fixed  avia-builder-el-0  el_before_av_image  avia-builder-el-first  noticias_banner_principal  container_wrap fullsize' style='background-repeat: no-repeat; background-image: url(https:\/\/eldromedariorecords.com\/web\/wp-content\/uploads\/2014\/08\/cabeceradromedario2.jpg);background-attachment: fixed; background-position: top center;  '  data-section-bg-repeat='stretch'><div class='container' ><main  role=\"main\" itemprop=\"mainContentOfPage\"  class='template-page content  av-content-full alpha units'><div class='post-entry post-entry-type-page post-entry-3434'><div class='entry-content-wrapper clearfix'>\n<div class=\"flex_column av_one_full  flex_column_div av-zero-column-padding first  avia-builder-el-1  avia-builder-el-no-sibling  \" style='border-radius:0px; '><div   data-size='featured_large'  data-lightbox_size='large'  data-animation='slide'  data-conditional_play=''  data-ids='3436,3435,3437'  data-video_counter='0'  data-autoplay='true'  data-bg_slider='false'  data-slide_height=''  data-handle='av_slideshow'  data-interval='6'  data-class=' avia-builder-el-2  avia-builder-el-no-sibling  '  data-el_id=''  data-css_id=''  data-scroll_down=''  data-control_layout='av-control-default'  data-custom_markup=''  data-perma_caption=''  data-autoplay_stopper=''  data-image_attachment=''  data-min_height='0px'  data-default-height='42'  class='avia-slideshow avia-slideshow-1  av-control-default av-default-height-applied avia-slideshow-featured_large av_slideshow  avia-builder-el-2  avia-builder-el-no-sibling   avia-slide-slider '  itemprop=\"image\" itemscope=\"itemscope\" itemtype=\"https:\/\/schema.org\/ImageObject\" ><ul class='avia-slideshow-inner ' style='padding-bottom: 45%;' ><li  class=' slide-1 ' ><div data-rel='slideshow-1' class='avia-slide-wrap '   ><img src='https:\/\/eldromedariorecords.com\/web\/wp-content\/uploads\/2017\/05\/manolillo01-1400x630.jpg' width='1400' height='630' title='manolillo01' alt=''  itemprop=\"thumbnailUrl\"   \/><\/div><\/li><li  class=' slide-2 ' ><div data-rel='slideshow-1' class='avia-slide-wrap '   ><img src='https:\/\/eldromedariorecords.com\/web\/wp-content\/uploads\/2017\/05\/manolillo00-1400x630.jpg' width='1400' height='630' title='manolillo00' alt=''  itemprop=\"thumbnailUrl\"   \/><\/div><\/li><li  class=' slide-3 ' ><div data-rel='slideshow-1' class='avia-slide-wrap '   ><img src='https:\/\/eldromedariorecords.com\/web\/wp-content\/uploads\/2017\/05\/manolillo02.jpg' width='1400' height='629' title='manolillo02' alt=''  itemprop=\"thumbnailUrl\"   \/><\/div><\/li><\/ul><div class='avia-slideshow-arrows avia-slideshow-controls'><a href='#prev' class='prev-slide' aria-hidden='true' data-av_icon='\ue87c' data-av_iconfont='entypo-fontello'>Anterior<\/a><a href='#next' class='next-slide' aria-hidden='true' data-av_icon='\ue87d' data-av_iconfont='entypo-fontello'>Posterior<\/a><\/div><div class='avia-slideshow-dots avia-slideshow-controls'><a href='#1' class='goto-slide active' >1<\/a><a href='#2' class='goto-slide ' >2<\/a><a href='#3' class='goto-slide ' >3<\/a><\/div><\/div><\/div><\/div><\/div><\/main><!-- close content main element --><\/div><\/div><div id='after_section_1'  class='main_color av_default_container_wrap container_wrap fullsize' style=' '  ><div class='container' ><div class='template-page content  av-content-full alpha units'><div class='post-entry post-entry-type-page post-entry-3434'><div class='entry-content-wrapper clearfix'><div  class='avia-image-container avia_animated_image avia_animate_when_almost_visible fade-in av-styling-    avia-builder-el-3  el_after_av_section  el_before_av_layout_row  avia-builder-el-no-sibling  logo-artistas-ok avia-align-center '  itemprop=\"image\" itemscope=\"itemscope\" itemtype=\"https:\/\/schema.org\/ImageObject\"  ><div class='avia-image-container-inner'><div class='avia-image-overlay-wrap'><img class='avia_image' src='https:\/\/eldromedariorecords.com\/web\/wp-content\/uploads\/2017\/05\/manolillo-chinato.jpg' alt='' title='manolillo-chinato' height=\"105\" width=\"397\"  itemprop=\"thumbnailUrl\"  \/><\/div><\/div><\/div><\/p>\n<\/div><\/div><\/div><!-- close content main div --><\/div><\/div><div id='av-layout-grid-1'  class='av-layout-grid-container entry-content-wrapper main_color av-flex-cells     avia-builder-el-4  el_after_av_image  el_before_av_layout_row  container submenu-not-first container_wrap fullsize' style=' '  >\n<div class=\"flex_cell no_margin av_three_fourth  avia-builder-el-5  el_before_av_cell_one_fourth  avia-builder-el-first  info-artistas  \"  style='vertical-align:top; padding:30px; ' ><div class='flex_cell_inner' ><p><div class=\"flex_column av_one_full  flex_column_div av-zero-column-padding first  avia-builder-el-6  el_before_av_one_third  avia-builder-el-first  \" style='border-radius:0px; '><div  style='padding-bottom:10px; ' class='av-special-heading av-special-heading-h2    avia-builder-el-7  avia-builder-el-no-sibling  '><h2 class='av-special-heading-tag '  itemprop=\"headline\"  >Bibliograf\u00eda<\/h2><div class='special-heading-border'><div class='special-heading-inner-border' ><\/div><\/div><\/div><\/div><div class=\"flex_column av_one_third  flex_column_div first  avia-builder-el-8  el_after_av_one_full  el_before_av_one_third  column-top-margin\" style='padding:0px 0px 15px 0px ; border-radius:0px; '><div  class='avia-image-container  av-styling-no-styling av-hover-grow noHover  av-overlay-on-hover   avia-builder-el-9  avia-builder-el-no-sibling  discos-extremoduro catalogo-dromedario avia-align-center '  itemprop=\"image\" itemscope=\"itemscope\" itemtype=\"https:\/\/schema.org\/ImageObject\"  ><div class='avia-image-container-inner'><div class='avia-image-overlay-wrap'><a href='https:\/\/eldromedariorecords.com\/web\/wp-content\/uploads\/2017\/05\/poeta-no-quise-ser-2.jpg' class='avia_image'  ><div class='av-image-caption-overlay'><div class='av-caption-image-overlay-bg' style='opacity:0.6; background-color:#000000; '><\/div><div class='av-image-caption-overlay-position'><div class='av-image-caption-overlay-center' style='color:#ffffff; '><h4>Poeta no quise ser<\/h4>\n<p>2016<\/p>\n<\/div><\/div><\/div><img class='avia_image ' src='https:\/\/eldromedariorecords.com\/web\/wp-content\/uploads\/2017\/05\/poeta-no-quise-ser-2.jpg' alt='' title='Poeta no quise ser'  itemprop=\"thumbnailUrl\"  \/><\/a><\/div><\/div><\/div><\/div><div class=\"flex_column av_one_third  flex_column_div   avia-builder-el-10  el_after_av_one_third  el_before_av_one_third  column-top-margin\" style='padding:0px 0px 15px 0px ; border-radius:0px; '><div  class='avia-image-container  av-styling-no-styling av-hover-grow noHover  av-overlay-on-hover   avia-builder-el-11  avia-builder-el-no-sibling  discos-extremoduro catalogo-dromedario avia-align-center '  itemprop=\"image\" itemscope=\"itemscope\" itemtype=\"https:\/\/schema.org\/ImageObject\"  ><div class='avia-image-container-inner'><div class='avia-image-overlay-wrap'><a href='https:\/\/eldromedariorecords.com\/web\/wp-content\/uploads\/2017\/05\/amor-rebeldia-libertad-sangre-.png' class='avia_image'  ><div class='av-image-caption-overlay'><div class='av-caption-image-overlay-bg' style='opacity:0.6; background-color:#000000; '><\/div><div class='av-image-caption-overlay-position'><div class='av-image-caption-overlay-center' style='color:#ffffff; '><h4>Amor, rebeld\u00eda, libertad y sangre<\/h4>\n<p>2003<\/p>\n<\/div><\/div><\/div><img class='avia_image ' src='https:\/\/eldromedariorecords.com\/web\/wp-content\/uploads\/2017\/05\/amor-rebeldia-libertad-sangre-.png' alt='' title='Amor, rebeld\u00eda, libertad y sangre'  itemprop=\"thumbnailUrl\"  \/><\/a><\/div><\/div><\/div><\/div><div class=\"flex_column av_one_third  flex_column_div   avia-builder-el-12  el_after_av_one_third  avia-builder-el-last  column-top-margin\" style='padding:0px 0px 15px 0px ; border-radius:0px; '><\/div><\/p>\n<\/div><\/div><div class=\"flex_cell no_margin av_one_fourth  avia-builder-el-13  el_after_av_cell_three_fourth  avia-builder-el-last  info-artistas  \"  style='vertical-align:top; padding:30px; ' ><div class='flex_cell_inner' ><p><div class=\"flex_column av_one_full  flex_column_div av-zero-column-padding first  avia-builder-el-14  el_before_av_one_full  avia-builder-el-first  \" style='border-radius:0px; '><div  style='padding-bottom:10px; ' class='av-special-heading av-special-heading-h2    avia-builder-el-15  avia-builder-el-no-sibling  '><h2 class='av-special-heading-tag '  itemprop=\"headline\"  >Tienda<\/h2><div class='special-heading-border'><div class='special-heading-inner-border' ><\/div><\/div><\/div><\/div><div class=\"flex_column av_one_full  flex_column_div first  avia-builder-el-16  el_after_av_one_full  avia-builder-el-last  column-top-margin\" style='padding:0px 0px 15px 0px ; border-radius:0px; '><div  class='avia-button-wrap avia-button-center  avia-builder-el-17  avia-builder-el-no-sibling ' ><a href='https:\/\/eldromedariorecords.com\/web\/tienda\/search?controller=search&amp;orderby=position&amp;orderway=desc&amp;search_query=manolillo+chinato&amp;submit_search=' class='avia-button avia-button-fullwidth   avia-icon_select-yes-left-icon avia-color-custom '  target=\"_blank\"  style='color:#ffffff; background-color:#ffc823;  ' ><span class='avia_button_icon avia_button_icon_left ' aria-hidden='true' data-av_icon='\ue85a' data-av_iconfont='entypo-fontello'><\/span><span class='avia_iconbox_title' >EDR<\/span><span class='avia_button_background avia-button avia-button-fullwidth avia-color-custom' style='background-color:#e5ad20; '><\/span><\/a><\/div><\/div><\/p>\n<\/div><\/div>\n<\/div>\n<div id='av-layout-grid-2'  class='av-layout-grid-container entry-content-wrapper main_color av-flex-cells     avia-builder-el-18  el_after_av_layout_row  el_before_av_hr  container submenu-not-first container_wrap fullsize' style=' '  >\n<div class=\"flex_cell no_margin av_three_fourth  avia-builder-el-19  el_before_av_cell_one_fourth  avia-builder-el-first  info-artistas  \"  style='vertical-align:top; padding:30px; ' ><div class='flex_cell_inner' ><p><div class=\"flex_column av_one_full  flex_column_div first  avia-builder-el-20  el_before_av_textblock  avia-builder-el-first  \" style='padding:0px 0px 10px 0px ; border-radius:0px; '><div  style='padding-bottom:20px; ' class='av-special-heading av-special-heading-h2    avia-builder-el-21  avia-builder-el-no-sibling  '><h2 class='av-special-heading-tag '  itemprop=\"headline\"  >Biograf\u00eda<\/h2><div class='special-heading-border'><div class='special-heading-inner-border' ><\/div><\/div><\/div><\/div><section class=\"av_textblock_section \"  itemscope=\"itemscope\" itemtype=\"https:\/\/schema.org\/CreativeWork\" ><div class='avia_textblock  '   itemprop=\"text\" ><p><i>Poeta no quise ser<\/i> es el nuevo libro de poemas de Manolillo Chinato, poeta nacido en 1952 en Puerto de B\u00e9jar (Salamanca) aunque de alma extreme\u00f1a. Su poes\u00eda luce presidida por contenidos de componente rural y sentidamente humanos, figurando hasta ahora parte de sus poemas m\u00e1s emblem\u00e1ticos en su libro <i>Amor, rebeld\u00eda, libertad y sangre,<\/i> publicado en 2003. Adem\u00e1s, el autor ha colaborado regularmente con bandas de rock como Extremoduro, Inconscientes, Platero y T\u00fa o Marea.<\/p>\n<p>Manolo es un hombre de campo, y como tal, de verbo f\u00e1cil y pluma certera; de esp\u00edritu rebelde, reivindicativo y libertario en el sentido m\u00e1s puro de dichas voces. Un poeta at\u00edpico que donde pone el ojo pone el sentimiento. Toda la carne \u2013y coraz\u00f3n- en el asador, latiendo el mismo con at\u00edpica fuerza y pulsi\u00f3n en sus poemas: en esas peque\u00f1as y a un tiempo grandes joyas que desde el principio encontraron tierra f\u00e9rtil en el repertorio de Extremoduro; ya versos sueltos suyos diseminados en canciones, ya poemas como el c\u00e9lebre Ama, ama, ama y ensancha el alma; recitado por \u00e9l por vez primera en un concierto del grupo a finales de los 90, transformado en imprescindible cl\u00e1sico desde que en 1992 fuese incluido en el disco Deltoya y aut\u00e9ntica espoleta de cuanto estaba por llegar: la publicaci\u00f3n en 2001 del CD <i>Poes\u00eda b\u00e1sica <\/i>por la banda autodenominada Extrechinato y T\u00fa (entente musical creada ex profeso para poner m\u00fasica a parte de su obra, integrada por Roberto Iniesta, I\u00f1aki Uoho Ant\u00f3n, Fito Cabrales y \u00e9l), y la del ya citado primer libro, <i>Amor, rebeld\u00eda, libertad y sangre.<\/i><\/p>\n<p>Todo lo hasta aqu\u00ed contado se traduce en la reciente publicaci\u00f3n de su nueva obra, <i>Poeta no quise ser;<\/i> en todo un reguero de colaboraciones con diferentes artistas y en el reconocimiento popular de que goza actualmente Manolillo Chinato: algo que, estamos seguros de ello, a partir de ahora no va a hacer m\u00e1s que crecer y crecer.<\/p>\n<\/div><\/section><\/p>\n<\/div><\/div><div class=\"flex_cell no_margin av_one_fourth  avia-builder-el-23  el_after_av_cell_three_fourth  avia-builder-el-last   \"  style='vertical-align:top; padding:30px; ' ><div class='flex_cell_inner' ><p><div class=\"flex_column av_one_full  flex_column_div av-zero-column-padding first  avia-builder-el-24  el_before_av_one_full  avia-builder-el-first  info-artistas \" style='border-radius:0px; '><div  style='padding-bottom:10px; ' class='av-special-heading av-special-heading-h2    avia-builder-el-25  avia-builder-el-no-sibling  '><h2 class='av-special-heading-tag '  itemprop=\"headline\"  >Redes<\/h2><div class='special-heading-border'><div class='special-heading-inner-border' ><\/div><\/div><\/div><\/div><div class=\"flex_column av_one_full  flex_column_div av-zero-column-padding first  avia-builder-el-26  el_after_av_one_full  avia-builder-el-last  column-top-margin\" style='border-radius:0px; '><p><div  class='avia-button-wrap avia-button-center  avia-builder-el-27  el_before_av_hr  avia-builder-el-first ' ><a href='https:\/\/manolillochinato.es' class='avia-button avia-button-fullwidth   avia-icon_select-yes-left-icon avia-color-custom ' target=\"_blank\" style='color:#ffffff; background-color:#727272;  ' rel=\"noopener\"><span class='avia_button_icon avia_button_icon_left ' aria-hidden='true' data-av_icon='\ue8ad' data-av_iconfont='entypo-fontello'><\/span><span class='avia_iconbox_title' >Web oficial<\/span><span class='avia_button_background avia-button avia-button-fullwidth avia-color-custom' style='background-color:#444444; '><\/span><\/a><\/div><br \/>\n<div  style='height:14px' class='hr hr-invisible   avia-builder-el-28  el_after_av_button_big  el_before_av_button_big  avia-builder-el-no-sibling '><span class='hr-inner ' ><span class='hr-inner-style'><\/span><\/span><\/div><br \/>\n<div  class='avia-button-wrap avia-button-center  avia-builder-el-29  el_after_av_hr  avia-builder-el-last ' ><a href='https:\/\/www.facebook.com\/manolillochinatooficial\/' class='avia-button avia-button-fullwidth   avia-icon_select-yes-left-icon avia-color-custom ' target=\"_blank\" style='color:#ffffff; background-color:#3b5998;  ' rel=\"noopener\"><span class='avia_button_icon avia_button_icon_left ' aria-hidden='true' data-av_icon='\ue8f3' data-av_iconfont='entypo-fontello'><\/span><span class='avia_iconbox_title' >Facebook<\/span><span class='avia_button_background avia-button avia-button-fullwidth avia-color-custom' style='background-color:#29457a; '><\/span><\/a><\/div><\/p><\/div><\/p>\n<\/div><\/div><\/div><div id='after_submenu_2'  class='main_color av_default_container_wrap container_wrap fullsize' style=' '  ><div class='container' ><div class='template-page content  av-content-full alpha units'><div class='post-entry post-entry-type-page post-entry-3434'><div class='entry-content-wrapper clearfix'><div  style='height:14px' class='hr hr-invisible   avia-builder-el-30  el_after_av_layout_row  avia-builder-el-no-sibling '><span class='hr-inner ' ><span class='hr-inner-style'><\/span><\/span><\/div><\/p>\n","protected":false},"excerpt":{"rendered":"","protected":false},"author":3,"featured_media":3435,"parent":0,"menu_order":0,"comment_status":"closed","ping_status":"closed","template":"","meta":[],"yoast_head":"<!-- This site is optimized with the Yoast SEO plugin v16.5 - https:\/\/yoast.com\/wordpress\/plugins\/seo\/ -->\n<title>Artistas: Manolillo Chinato - El Dromedario Records<\/title>\n<meta name=\"robots\" content=\"index, follow, max-snippet:-1, max-image-preview:large, max-video-preview:-1\" \/>\n<link rel=\"canonical\" href=\"https:\/\/eldromedariorecords.com\/web\/manolillochinato\/\" \/>\n<meta property=\"og:locale\" content=\"es_ES\" \/>\n<meta property=\"og:type\" content=\"article\" \/>\n<meta property=\"og:title\" content=\"Artistas: Manolillo Chinato - El Dromedario Records\" \/>\n<meta property=\"og:url\" content=\"https:\/\/eldromedariorecords.com\/web\/manolillochinato\/\" \/>\n<meta property=\"og:site_name\" content=\"El Dromedario Records\" \/>\n<meta property=\"article:modified_time\" content=\"2017-05-21T19:05:02+00:00\" \/>\n<meta property=\"og:image\" content=\"https:\/\/eldromedariorecords.melboss.com\/web\/wp-content\/uploads\/2017\/05\/manolillo00.jpg\" \/>\n\t<meta property=\"og:image:width\" content=\"1400\" \/>\n\t<meta property=\"og:image:height\" content=\"891\" \/>\n<meta name=\"twitter:card\" content=\"summary\" \/>\n<meta name=\"twitter:label1\" content=\"Tiempo de lectura\" \/>\n\t<meta name=\"twitter:data1\" content=\"10 minutos\" \/>\n<script type=\"application\/ld+json\" class=\"yoast-schema-graph\">{\"@context\":\"https:\/\/schema.org\",\"@graph\":[{\"@type\":\"Organization\",\"@id\":\"https:\/\/eldromedariorecords.com\/web\/#organization\",\"name\":\"El Dromedario Records\",\"url\":\"https:\/\/eldromedariorecords.com\/web\/\",\"sameAs\":[],\"logo\":{\"@type\":\"ImageObject\",\"@id\":\"https:\/\/eldromedariorecords.com\/web\/#logo\",\"inLanguage\":\"es\",\"url\":\"https:\/\/eldromedariorecords.melboss.com\/web\/wp-content\/uploads\/2021\/06\/logo-dromedario-negro.png\",\"contentUrl\":\"https:\/\/eldromedariorecords.melboss.com\/web\/wp-content\/uploads\/2021\/06\/logo-dromedario-negro.png\",\"width\":800,\"height\":624,\"caption\":\"El Dromedario Records\"},\"image\":{\"@id\":\"https:\/\/eldromedariorecords.com\/web\/#logo\"}},{\"@type\":\"WebSite\",\"@id\":\"https:\/\/eldromedariorecords.com\/web\/#website\",\"url\":\"https:\/\/eldromedariorecords.com\/web\/\",\"name\":\"El Dromedario Records\",\"description\":\"Discogr\\u00e1fica El Dromedario Records\",\"publisher\":{\"@id\":\"https:\/\/eldromedariorecords.com\/web\/#organization\"},\"potentialAction\":[{\"@type\":\"SearchAction\",\"target\":\"https:\/\/eldromedariorecords.com\/web\/?s={search_term_string}\",\"query-input\":\"required name=search_term_string\"}],\"inLanguage\":\"es\"},{\"@type\":\"ImageObject\",\"@id\":\"https:\/\/eldromedariorecords.com\/web\/manolillochinato\/#primaryimage\",\"inLanguage\":\"es\",\"url\":\"https:\/\/eldromedariorecords.com\/web\/wp-content\/uploads\/2017\/05\/manolillo00.jpg\",\"contentUrl\":\"https:\/\/eldromedariorecords.com\/web\/wp-content\/uploads\/2017\/05\/manolillo00.jpg\",\"width\":1400,\"height\":891},{\"@type\":\"WebPage\",\"@id\":\"https:\/\/eldromedariorecords.com\/web\/manolillochinato\/#webpage\",\"url\":\"https:\/\/eldromedariorecords.com\/web\/manolillochinato\/\",\"name\":\"Artistas: Manolillo Chinato - El Dromedario Records\",\"isPartOf\":{\"@id\":\"https:\/\/eldromedariorecords.com\/web\/#website\"},\"primaryImageOfPage\":{\"@id\":\"https:\/\/eldromedariorecords.com\/web\/manolillochinato\/#primaryimage\"},\"datePublished\":\"2017-05-17T16:07:04+00:00\",\"dateModified\":\"2017-05-21T19:05:02+00:00\",\"breadcrumb\":{\"@id\":\"https:\/\/eldromedariorecords.com\/web\/manolillochinato\/#breadcrumb\"},\"inLanguage\":\"es\",\"potentialAction\":[{\"@type\":\"ReadAction\",\"target\":[\"https:\/\/eldromedariorecords.com\/web\/manolillochinato\/\"]}]},{\"@type\":\"BreadcrumbList\",\"@id\":\"https:\/\/eldromedariorecords.com\/web\/manolillochinato\/#breadcrumb\",\"itemListElement\":[{\"@type\":\"ListItem\",\"position\":1,\"name\":\"Portada\",\"item\":\"https:\/\/eldromedariorecords.com\/web\/inicio\/\"},{\"@type\":\"ListItem\",\"position\":2,\"name\":\"Artistas: Manolillo Chinato\"}]}]}<\/script>\n<!-- \/ Yoast SEO plugin. -->","_links":{"self":[{"href":"https:\/\/eldromedariorecords.com\/web\/wp-json\/wp\/v2\/pages\/3434"}],"collection":[{"href":"https:\/\/eldromedariorecords.com\/web\/wp-json\/wp\/v2\/pages"}],"about":[{"href":"https:\/\/eldromedariorecords.com\/web\/wp-json\/wp\/v2\/types\/page"}],"author":[{"embeddable":true,"href":"https:\/\/eldromedariorecords.com\/web\/wp-json\/wp\/v2\/users\/3"}],"replies":[{"embeddable":true,"href":"https:\/\/eldromedariorecords.com\/web\/wp-json\/wp\/v2\/comments?post=3434"}],"version-history":[{"count":0,"href":"https:\/\/eldromedariorecords.com\/web\/wp-json\/wp\/v2\/pages\/3434\/revisions"}],"wp:featuredmedia":[{"embeddable":true,"href":"https:\/\/eldromedariorecords.com\/web\/wp-json\/wp\/v2\/media\/3435"}],"wp:attachment":[{"href":"https:\/\/eldromedariorecords.com\/web\/wp-json\/wp\/v2\/media?parent=3434"}],"curies":[{"name":"wp","href":"https:\/\/api.w.org\/{rel}","templated":true}]}}