{"id":1225,"date":"2015-09-02T07:34:34","date_gmt":"2015-09-02T07:34:34","guid":{"rendered":"https:\/\/eldromedariorecords.com\/web\/?page_id=1225"},"modified":"2018-04-03T18:24:14","modified_gmt":"2018-04-03T18:24:14","slug":"inscribirse-en-el-boletin","status":"publish","type":"page","link":"https:\/\/eldromedariorecords.com\/web\/inscribirse-en-el-boletin\/","title":{"rendered":"Inscribirse en el bolet\u00edn"},"content":{"rendered":"<p>Si est\u00e1s interesado en recibir por correo electr\u00f3nico nuestras novedades, la informaci\u00f3n sobre nuestros actos, bandas o noticias de especial inter\u00e9s, no dejes de suscribirte a nuestro bolet\u00edn. Puedes hacerlo simplemente rellenando los siguientes datos:<\/p>\n<form accept-charset=\"utf-8\" action=\"https:\/\/v2.boletin.eldromedariorecords.com\/4\/subscribe\" method=\"POST\"><label for=\"name\">Nombre:<\/label><br \/>\n<input id=\"name\" name=\"name\" type=\"text\" \/><br \/>\n<label for=\"email\">Correo electr\u00f3nico:<\/label><br \/>\n<input id=\"email\" name=\"email\" type=\"email\" \/><\/p>\n<div style=\"display: none;\"><label for=\"hp\">HP<\/label><br \/>\n<input id=\"hp\" name=\"hp\" type=\"text\" \/><\/div>\n<p><input name=\"list\" type=\"hidden\" value=\"V3uyJ1Kt4rHHaz3wSu2yxQ\" \/><br \/>\n<input name=\"subform\" type=\"hidden\" value=\"yes\" \/><br \/>\n<input id=\"submit\" name=\"submit\" type=\"submit\" \/><\/p>\n<\/form>\n","protected":false},"excerpt":{"rendered":"<p>Si est\u00e1s interesado en recibir por correo electr\u00f3nico nuestras novedades, la informaci\u00f3n sobre nuestros actos, bandas o noticias de especial inter\u00e9s, no dejes de suscribirte a nuestro bolet\u00edn. Puedes hacerlo simplemente rellenando los siguientes datos: Nombre: Correo electr\u00f3nico: HP<\/p>\n","protected":false},"author":3,"featured_media":0,"parent":0,"menu_order":0,"comment_status":"closed","ping_status":"closed","template":"template-blank.php","meta":[],"yoast_head":"<!-- This site is optimized with the Yoast SEO plugin v16.5 - https:\/\/yoast.com\/wordpress\/plugins\/seo\/ -->\n<title>Inscribirse en el bolet\u00edn - El Dromedario Records<\/title>\n<meta name=\"robots\" content=\"index, follow, max-snippet:-1, max-image-preview:large, max-video-preview:-1\" \/>\n<link rel=\"canonical\" href=\"https:\/\/eldromedariorecords.com\/web\/inscribirse-en-el-boletin\/\" \/>\n<meta property=\"og:locale\" content=\"es_ES\" \/>\n<meta property=\"og:type\" content=\"article\" \/>\n<meta property=\"og:title\" content=\"Inscribirse en el bolet\u00edn - El Dromedario Records\" \/>\n<meta property=\"og:description\" content=\"Si est\u00e1s interesado en recibir por correo electr\u00f3nico nuestras novedades, la informaci\u00f3n sobre nuestros actos, bandas o noticias de especial inter\u00e9s, no dejes de suscribirte a nuestro bolet\u00edn. Puedes hacerlo simplemente rellenando los siguientes datos: Nombre: Correo electr\u00f3nico: HP\" \/>\n<meta property=\"og:url\" content=\"https:\/\/eldromedariorecords.com\/web\/inscribirse-en-el-boletin\/\" \/>\n<meta property=\"og:site_name\" content=\"El Dromedario Records\" \/>\n<meta property=\"article:modified_time\" content=\"2018-04-03T18:24:14+00:00\" \/>\n<meta name=\"twitter:card\" content=\"summary\" \/>\n<script type=\"application\/ld+json\" class=\"yoast-schema-graph\">{\"@context\":\"https:\/\/schema.org\",\"@graph\":[{\"@type\":\"Organization\",\"@id\":\"https:\/\/eldromedariorecords.com\/web\/#organization\",\"name\":\"El Dromedario Records\",\"url\":\"https:\/\/eldromedariorecords.com\/web\/\",\"sameAs\":[],\"logo\":{\"@type\":\"ImageObject\",\"@id\":\"https:\/\/eldromedariorecords.com\/web\/#logo\",\"inLanguage\":\"es\",\"url\":\"https:\/\/eldromedariorecords.melboss.com\/web\/wp-content\/uploads\/2021\/06\/logo-dromedario-negro.png\",\"contentUrl\":\"https:\/\/eldromedariorecords.melboss.com\/web\/wp-content\/uploads\/2021\/06\/logo-dromedario-negro.png\",\"width\":800,\"height\":624,\"caption\":\"El Dromedario Records\"},\"image\":{\"@id\":\"https:\/\/eldromedariorecords.com\/web\/#logo\"}},{\"@type\":\"WebSite\",\"@id\":\"https:\/\/eldromedariorecords.com\/web\/#website\",\"url\":\"https:\/\/eldromedariorecords.com\/web\/\",\"name\":\"El Dromedario Records\",\"description\":\"Discogr\\u00e1fica El Dromedario Records\",\"publisher\":{\"@id\":\"https:\/\/eldromedariorecords.com\/web\/#organization\"},\"potentialAction\":[{\"@type\":\"SearchAction\",\"target\":\"https:\/\/eldromedariorecords.com\/web\/?s={search_term_string}\",\"query-input\":\"required name=search_term_string\"}],\"inLanguage\":\"es\"},{\"@type\":\"WebPage\",\"@id\":\"https:\/\/eldromedariorecords.com\/web\/inscribirse-en-el-boletin\/#webpage\",\"url\":\"https:\/\/eldromedariorecords.com\/web\/inscribirse-en-el-boletin\/\",\"name\":\"Inscribirse en el bolet\\u00edn - El Dromedario Records\",\"isPartOf\":{\"@id\":\"https:\/\/eldromedariorecords.com\/web\/#website\"},\"datePublished\":\"2015-09-02T07:34:34+00:00\",\"dateModified\":\"2018-04-03T18:24:14+00:00\",\"breadcrumb\":{\"@id\":\"https:\/\/eldromedariorecords.com\/web\/inscribirse-en-el-boletin\/#breadcrumb\"},\"inLanguage\":\"es\",\"potentialAction\":[{\"@type\":\"ReadAction\",\"target\":[\"https:\/\/eldromedariorecords.com\/web\/inscribirse-en-el-boletin\/\"]}]},{\"@type\":\"BreadcrumbList\",\"@id\":\"https:\/\/eldromedariorecords.com\/web\/inscribirse-en-el-boletin\/#breadcrumb\",\"itemListElement\":[{\"@type\":\"ListItem\",\"position\":1,\"name\":\"Portada\",\"item\":\"https:\/\/eldromedariorecords.com\/web\/inicio\/\"},{\"@type\":\"ListItem\",\"position\":2,\"name\":\"Inscribirse en el bolet\\u00edn\"}]}]}<\/script>\n<!-- \/ Yoast SEO plugin. -->","_links":{"self":[{"href":"https:\/\/eldromedariorecords.com\/web\/wp-json\/wp\/v2\/pages\/1225"}],"collection":[{"href":"https:\/\/eldromedariorecords.com\/web\/wp-json\/wp\/v2\/pages"}],"about":[{"href":"https:\/\/eldromedariorecords.com\/web\/wp-json\/wp\/v2\/types\/page"}],"author":[{"embeddable":true,"href":"https:\/\/eldromedariorecords.com\/web\/wp-json\/wp\/v2\/users\/3"}],"replies":[{"embeddable":true,"href":"https:\/\/eldromedariorecords.com\/web\/wp-json\/wp\/v2\/comments?post=1225"}],"version-history":[{"count":0,"href":"https:\/\/eldromedariorecords.com\/web\/wp-json\/wp\/v2\/pages\/1225\/revisions"}],"wp:attachment":[{"href":"https:\/\/eldromedariorecords.com\/web\/wp-json\/wp\/v2\/media?parent=1225"}],"curies":[{"name":"wp","href":"https:\/\/api.w.org\/{rel}","templated":true}]}}